{"id":3415,"date":"2020-09-02T11:36:57","date_gmt":"2020-09-02T09:36:57","guid":{"rendered":"http:\/\/www.mobilandia.it\/shop\/?page_id=3415"},"modified":"2020-09-02T11:36:57","modified_gmt":"2020-09-02T09:36:57","slug":"contratto-dacquisto","status":"publish","type":"page","link":"https:\/\/www.mobilandia.it\/shop\/contratto-dacquisto\/","title":{"rendered":"Contratto d&#8217;acquisto"},"content":{"rendered":"<div class=\"wpb-content-wrapper\"><p>[vc_row][vc_column][vc_column_text text_larger=&#8221;no&#8221;]<\/p>\n<h4>Articolo 1 \u2013 Oggetto<\/h4>\n<p>1.1 Le presenti Condizioni Generali hanno per oggetto l\u2019acquisto di prodotti e di servizi (consegna e trasporto), a distanza tramite internet sul sito www.mobilandia.it.<\/p>\n<p>1.2 I prodotti in vendita sono raffigurati e descritti sul sito. I servizi consistono nel trasporto del bene nel luogo indicato dal cliente e l\u2019eventuale operazione di montaggio del\/i prodotto\/i.<\/p>\n<p>1.3 L\u2019offerta di vendita \u00e8 rivolta in via esclusiva ai clienti che richiedono la consegna dei prodotti nei Comuni elencati nella pagina SERVIZIO CLIENTI raggiunti dal servizio di consegna.<\/p>\n<p>1.4 Atteso che la D.V.M. non produce mobili ma che la stessa li acquista da terze societ\u00e0 a seguito dell\u2019ordine del cliente, lo stesso prende atto del fatto che al presente contratto si applica la normativa di cui all\u2019articolo 1478 c.c..<\/p>\n<p>1.5 Nel caso in cui la casa costruttrice non producesse pi\u00f9 mobili ordinati e non ne avesse in magazzino, la D.V.M. provveder\u00e0 all\u2019immediata restituzione al cliente dell\u2019acconto\/del prezzo pagato, ed il contratto si intender\u00e0 estinto ex art. 1372 c.c., fatta salva la possibilit\u00e0 delle parti di modificare, d\u2019accordo, l\u2019oggetto del contratto.<\/p>\n<h4>Articolo 2 \u2013 Accettazione delle condizioni generali di vendita<\/h4>\n<p>2.1 Le parti, con il presente atto, intendono concludere un valido e definitivo contratto di compravendita ex. art. 1372 c.c., ed ogni clausola, elemento del contratto non potr\u00e0 che essere interpretata, ex art. 1363 c.c., alla luce di tale elemento.<\/p>\n<p>2.2 Ogni operazione d\u2019acquisto sar\u00e0 regolata dalle disposizioni di cui al D.lgs 6 settembre 2005, n. 206 nonch\u00e9, per quanto concerne la tutela della riservatezza, sar\u00e0 sottoposta alla normativa di cui al D. Lgs. 30\/06\/2003 n. 196.<\/p>\n<p>2.3 Il Cliente, con l\u2019invio telematico della conferma del proprio ordine d\u2019acquisto, accetta incondizionatamente e si obbliga ad osservare nei suoi rapporti con la Societ\u00e0 Venditrice le condizioni generali e di pagamento di seguito trascritte, dichiarando di aver preso visione ed accettato tutte le indicazioni a lui fornite ai sensi delle norme sopra richiamate, prendendo altres\u00ec atto che la Societ\u00e0 Venditrice stessa non si ritiene vincolata a condizioni diverse se non preventivamente concordate per iscritto.<\/p>\n<h4>Articolo 3 \u2013 Impegni del cliente<\/h4>\n<p>3.1 Le presenti Condizioni Generali di Vendita devono essere esaminate on-line dai Clienti sul sito www.mobilandia.it prima della loro conferma degli acquisti. L\u2019inoltro della conferma d\u2019ordine pertanto implica la totale conoscenza di esse, Condizioni Generali di Vendita e la loro integrale accettazione.<\/p>\n<p>3.2 Il Cliente si impegna ed obbliga, una volta conclusa la procedura d\u2019acquisto on-line, a stampare e conservare le presenti condizioni generali di vendita, gi\u00e0 visionate ed accettate durante il processo d\u2019acquisto effettuato, al fine di soddisfare integralmente la condizione di cui all\u2019art. 53 del Dlgs n. 206\/2005.<\/p>\n<h4>Articolo 4 \u2013 Modalit\u00e0 d\u2019acquisto e conclusione del contratto<\/h4>\n<p>4.1 www.mobilandia.it \u00e8 un sito telematico di vendita di prodotti di arredo (mobili ed accessori).<\/p>\n<p>4.2 Gli acquisti dei prodotti, disponibili cos\u00ec come illustrati e descritti on-line nelle relative schede descrittive e tecniche, vengono effettuati dal Cliente al prezzo ivi indicato (incluso di IVA). Al prezzo del prodotto si aggiunge quello per il trasporto che varier\u00e0 in base al cubaggio dello stesso<\/p>\n<p>4.3 Prima della conferma dell\u2019acquisto, al Cliente verr\u00e0 ricapitolato il costo unitario di ogni prodotto prescelto, il costo complessivo in caso di acquisto di pi\u00f9 prodotti e le spese di trasporto.<\/p>\n<p>4.4 Il Cliente si impegna quindi a verificare la correttezza dei dati inseriti nel \u201cCarrello\u201d al momento dell\u2019ordine.<\/p>\n<p>4.5 Confermando l\u2019acquisto, a completamento della transazione, il Cliente ricever\u00e0 un messaggio via e-mail contenente il Numero, la Data e l\u2019Importo complessivo del proprio ordine.<\/p>\n<p>4.6 Il contratto sar\u00e0 concluso con l\u2019invio al Cliente del messaggio via mail specificato al precedente capoverso, fatto salvo il diritto di recesso di cui al successivo art. 9.<\/p>\n<p>4.7 Successivamente all\u2019invio del messaggio di posta elettronica, il Cliente verr\u00e0 contattato telefonicamente al recapito indicato per una verifica dell\u2019ordine e per pattuire, quindi, in base agli effettivi tempi di disponibilit\u00e0 dei prodotti, il giorno e l\u2019orario di consegna (o di ritiro presso il magazzino) della merce acquistata.<\/p>\n<h4>Articolo 5 \u2013 Pagamenti<\/h4>\n<p>5.1 Il saldo inerente l\u2019acquisto dei prodotti acquistati e delle relative spese di trasporto, se presenti, dovr\u00e0 essere effettuato dal cliente mediante una delle seguenti forme:<br \/>\nCarta di credito, Paypal, Bonifico.<\/p>\n<p>Il pagamento tramite carte di credito \u00e8 sottoposto alle seguenti condizioni:<br \/>\nIl Cliente \u00e8 tenuto a versare l\u2019importo complessivo a titolo di caparra confirmatoria che verr\u00e0 quindi imputata al prezzo al momento della consegna della merce.<br \/>\nLa merce dovr\u00e0 essere ricevuta personalmente dal titolare della carta, il quale dovr\u00e0 esibire al vettore la carta e un documento di identit\u00e0 valido;<br \/>\ncopia del documento di identit\u00e0 e della carta di credito potr\u00e0 eventualmente essere richiesta via fax al momento della conferma telefonica dell\u2019ordine.<\/p>\n<p>Il pagamento tramite bonifico \u00e8 sottoposto alle seguenti condizioni:<br \/>\nIl Cliente \u00e8 tenuto a versare l\u2019importo complessivo a titolo di caparra confirmatoria che verr\u00e0 quindi imputata al prezzo al momento della consegna della merce.<\/p>\n<p>5.2 Nel caso in cui il Cliente abbia richiesto la fattura, questa sar\u00e0 recapitata all\u2019indirizzo specificato sul modello nella sezione del Carrello \u201cDati Fatturazione\u201d; per cui fanno fede esclusivamente i dati indicati nel suddetto modulo.<\/p>\n<p>5.3 Il Cliente prende atto che l\u2019adempimento del contratto potr\u00e0 avvenire anche per tramite di altre societ\u00e0 collegate alla Venditrice, anche in relazione alla tipologia della merce oggetto di contratto, ovvero in considerazione del luogo in cui detta merce dovr\u00e0 essere consegnata e ci\u00f2 a valere anche sotto il profilo fiscale. Per tali motivi la Venditrice \u00e8 autorizzata a tal fine al trattamento dei dati sensibili del Cliente in esecuzione del contratto.<\/p>\n<h4>Articolo 6 \u2013 Consegna prodotti<\/h4>\n<p>6.1 I prodotti acquistati saranno consegnati dalla Societ\u00e0 Venditrice all\u2019indirizzo indicato dal Cliente.<\/p>\n<p>6.2 Le consegne dei prodotti avverranno durante tutti i giorni lavorativi. I tempi di consegna sono indicativi e comunque da considerarsi validi qualora non sussistano impedimenti fisici o strutturali (ad esempio: indirizzi non corretti o condizioni metereologiche particolarmente avverse).<\/p>\n<p>6.3 Al momento della consegna il Cliente dovr\u00e0 controllare la corrispondenza dei prodotti consegnati a quelli ordinati e in particolare l\u2019integrit\u00e0 e l\u2019assenza di difetti esteriori.<\/p>\n<p>6.4 I tempi di consegna previsti (indicativamente) non superano i novanta giorni lavorativi dall\u2019ordine.<\/p>\n<h4>Articolo 7- Vizi del prodotto<\/h4>\n<p>7.1 Eventuali vizi dovranno essere denunciati per iscritto, dettagliatamente e perentoriamente, entro due mesi dalla consegna, pena la decadenza.<\/p>\n<p>7.2 In caso di consegne viziate, che non siano accettate, ex art. 1460 c.c., dal cliente, il nuovo trasporto sar\u00e0 a carico della D.V.M., la quale risarcir\u00e0 al cliente i danni da questo patiti e causalmente riconnessi alla mancata consegna dei mobili, ex art. 1218 c.c. Qualora il cliente fosse inadempiente alla presa della merce entro il termine, a favore del cliente, che le parti concorderanno una volta che la D.V.M. avr\u00e0 ricevuto i mobili, con una tolleranza di ulteriori 30 giorni, dovr\u00e0 corrispondere per ogni giorno di ritardo Euro 5 (per i primi 10 giorni di ritardo), Euro 10 (dal giorno 11 al giorno 20 di ritardo) ed Euro 15 (dal giorno 21 al giorno 30 di ritardo).<\/p>\n<p>7.3 Qualora al momento della consegna, si verificasse l\u2019impossibilit\u00e0 di far passare i mobili acquistati per scale, corridoi, ascensori, ecc.., eventuali costi aggiuntivi (ad es. per l\u2019approntamento di una scala esterna) sono a carico del cliente, che contestualmente si assume tutti i rischi in caso di danneggiamento dei mobili stessi, dei beni altrui ecc.<\/p>\n<p>7.4 Sono considerati difetti naturali gli assestamenti del legno nelle parti massicce ed imperfezioni di marmi e graniti. Le opere di idraulica, muratura ed elettricit\u00e0 sono a carico del cliente.<\/p>\n<h4>Articolo 8 \u2013 Garanzie<\/h4>\n<p>8.1 I prodotti acquistati sono soggetti alla garanzia per ventiquattro mesi cos\u00ec come previsto dal D.lgs 206\/05 a partire dalla data di consegna della merce acquistata e secondo le seguenti caratteristiche: \u2022 Se il prodotto presenta difetti di costruzione che non ne permettono il normale utilizzo (rotture o malfunzionamenti);<br \/>\n\u2022 Se il prodotto presenta difetti che derivano da una non corretta installazione della merce, quando prevista, e svolta solo ed esclusivamente dalle imprese addette al servizio di trasporto e consegna dei beni;<br \/>\n\u2022 Se il prodotto \u00e8 diverso da quello stabilito in fase di contratto per caratteristiche, colore o altri attributi.<\/p>\n<p>8.2 La garanzia non sar\u00e0 ritenuta valida quando il difetto sia causato da un cattivo utilizzo del prodotto, o da un incauto uso dello stesso.<\/p>\n<p>8.3 La garanzia non sar\u00e0 ritenuta altres\u00ec valida quando i prodotti risultino manomessi o puliti con prodotti non idonei o se il difetto \u00e8 causato dal normale deperimento d\u2019uso degli stessi.<\/p>\n<p>8.4 Per fare valere la garanzia il cliente dovr\u00e0 contattare l\u2019ufficio assistenza al numero 011.9003361 attivo dal luned\u00ec al venerd\u00ec, dalle ore 10 alle ore 13, attraverso il quale il personale della societ\u00e0 venditrice fornir\u00e0 tutte le informazioni utili oppure dovr\u00e0 scrivere all\u2019indirizzo mail assistenza@mobilandia.it.<\/p>\n<p>8.5 Per fare valere la garanzia il cliente dovr\u00e0 presentare la proposta di contratto, la bolla di consegna della merce ed annessi scontrini, fotografie della problematica riscontrata sul prodotto.<\/p>\n<h4>Articolo 9 \u2013 Diritto di Recesso<\/h4>\n<p>Ai sensi e nei limiti di cui al D.lgs 206\/05, il Cliente ha diritto, entro 14 giorni lavorativi dal ricevimento della merce richiesta, di esercitare il diritto di recesso. Il diritto di recesso \u00e8 escluso, ai sensi dell\u2019art. 55, secondo comma lettera d) D.lgs 206\/05, in caso di prodotti realizzati su misura secondo le esigenze del cliente (quali ad esempio cucine componibili, pareti soggiorno di misure non standard, ecc.).<\/p>\n<h4>Articolo 10 \u2013 Modalit\u00e0 per l\u2019esercizio del Diritto di Recesso<\/h4>\n<p>10.1 Per l\u2019esercizio del diritto di recesso il Cliente dovr\u00e0 inoltrare, entro il termine di cui all\u2019art. 8 delle presenti Condizioni Generali di Vendita, lettera raccomandata con ricevuta di ritorno, ovvero anche comunicazione telefax, telegramma o telex, confermata a mezzo raccomandata entro le 48 ore successive, al seguente indirizzo: D.V.M. s.r.l. via Giaveno 43 \u2013 10040 RIVALTA (TO).<\/p>\n<p>10.2 La Societ\u00e0 Venditrice, entro quattordici giorni successivi alla consegna della merce oggetto di compravendita, e comunque non prima del ricevimento dei beni acquistati, proceder\u00e0 alla trasmissione dell\u2019ordine di riaccredito relativo al costo della merce spedita e delle prime spese di spedizione. Tale operazione verr\u00e0 effettuata tramite l\u2019Istituto di credito di emissione della Carta utilizzata o accreditando il c\/c bancario indicato dal Cliente.<\/p>\n<p>10.3 Le spese di restituzione del bene al mittente saranno interamente a carico del Cliente ad eccezione dell\u2019ipotesi in cui il bene sia restituito direttamente al vettore che effettua la consegna. La Societ\u00e0 Venditrice respinger\u00e0 qualsiasi prodotto restituito non imballato o comunque con modalit\u00e0 diverse da quelle sopra specificate, cos\u00ec come i prodotti per i quali non siano state integralmente gi\u00e0 pagate dal Cliente le spese di restituzione.<\/p>\n<p>10.4 La Societ\u00e0 Venditrice respinger\u00e0 altres\u00ec qualsiasi prodotto nel caso non siano state rispettate le modalit\u00e0 e i tempi previsti dalla Legge (art. 64 D.lgs 206\/2005) per la comunicazione dell\u2019esercizio del recesso o nell\u2019ipotesi in cui il prodotto presenti difetti non segnalati all\u2019atto della consegna.<\/p>\n<h4>Articolo 11 \u2013 Privacy<\/h4>\n<p>11.1 Il Cliente dichiara di aver preso visione dell\u2019informativa fornita, ai sensi dell\u2019art. 13 D.lgs 196\/2003, all\u2019atto della compilazione dei moduli on-line necessari per completare i propri acquisti.<\/p>\n<p>11.2 Ai sensi del D.lgs 196\/2003 il Cliente dichiara inoltre di conoscere che, qualora in fase di registrazione sia stato espressamente da lui consentito, i dati forniti possano essere utilizzati per finalit\u00e0 promozionali, commerciali e di vendita nonch\u00e9 per statistiche mediante consultazione, elaborazione o raffronto.<\/p>\n<h4>Articolo 12 \u2013 Informazioni e reclami<\/h4>\n<p>12.1 Per qualunque chiarimento od eventuale reclamo il Cliente potr\u00e0 inoltrare la propria richiesta on-line tramite il modello presente nella pagina Servizio Clienti; oppure inviare una lettera raccomandata con ricevuta di ritorno a: Mobilandia D.V.M. s.r.l. via Giaveno 43 \u2013 10040 RIVALTA (TO).<\/p>\n<p>12.2 Qualsiasi reclamo non avr\u00e0 l\u2019effetto di sospendere i pagamenti alle scadenze dovute, fuori dei casi di cui all\u2019art. 1460 c.c.<\/p>\n<h4>Articolo 13 \u2013 Giurisdizione e Foro competente<\/h4>\n<p>Foro competente a dirimere le eventuali controversie derivanti dal presente contratto sar\u00e0 quello del luogo di residenza o di domicilio del consumatore, se ubicati nel territorio dello Stato.[\/vc_column_text][\/vc_column][\/vc_row]<\/p>\n<\/div>","protected":false},"excerpt":{"rendered":"<p>[vc_row][vc_column][vc_column_text text_larger=&#8221;no&#8221;] Articolo 1 \u2013 Oggetto 1.1 Le presenti Condizioni Generali hanno per oggetto l\u2019acquisto di prodotti e di servizi<\/p>\n","protected":false},"author":1,"featured_media":0,"parent":0,"menu_order":0,"comment_status":"closed","ping_status":"closed","template":"","meta":{"_joinchat":[],"footnotes":""},"class_list":["post-3415","page","type-page","status-publish","hentry"],"yoast_head":"<!-- This site is optimized with the Yoast SEO Premium plugin v24.8 (Yoast SEO v24.8.1) - https:\/\/yoast.com\/wordpress\/plugins\/seo\/ -->\n<title>Contratto d&#039;acquisto - Mobilandia Shop<\/title>\n<meta name=\"robots\" content=\"index, follow, max-snippet:-1, max-image-preview:large, max-video-preview:-1\" \/>\n<link rel=\"canonical\" href=\"https:\/\/www.mobilandia.it\/shop\/contratto-dacquisto\/\" \/>\n<meta property=\"og:locale\" content=\"it_IT\" \/>\n<meta property=\"og:type\" content=\"article\" \/>\n<meta property=\"og:title\" content=\"Contratto d&#039;acquisto\" \/>\n<meta property=\"og:description\" content=\"[vc_row][vc_column][vc_column_text text_larger=&#8221;no&#8221;] Articolo 1 \u2013 Oggetto 1.1 Le presenti Condizioni Generali hanno per oggetto l\u2019acquisto di prodotti e di servizi\" \/>\n<meta property=\"og:url\" content=\"https:\/\/www.mobilandia.it\/shop\/contratto-dacquisto\/\" \/>\n<meta property=\"og:site_name\" content=\"Mobilandia Shop\" \/>\n<meta name=\"twitter:card\" content=\"summary_large_image\" \/>\n<meta name=\"twitter:label1\" content=\"Tempo di lettura stimato\" \/>\n\t<meta name=\"twitter:data1\" content=\"10 minuti\" \/>\n<script type=\"application\/ld+json\" class=\"yoast-schema-graph\">{\"@context\":\"https:\/\/schema.org\",\"@graph\":[{\"@type\":\"WebPage\",\"@id\":\"https:\/\/www.mobilandia.it\/shop\/contratto-dacquisto\/\",\"url\":\"https:\/\/www.mobilandia.it\/shop\/contratto-dacquisto\/\",\"name\":\"Contratto d'acquisto - Mobilandia Shop\",\"isPartOf\":{\"@id\":\"https:\/\/www.mobilandia.it\/shop\/#website\"},\"datePublished\":\"2020-09-02T09:36:57+00:00\",\"breadcrumb\":{\"@id\":\"https:\/\/www.mobilandia.it\/shop\/contratto-dacquisto\/#breadcrumb\"},\"inLanguage\":\"it-IT\",\"potentialAction\":[{\"@type\":\"ReadAction\",\"target\":[\"https:\/\/www.mobilandia.it\/shop\/contratto-dacquisto\/\"]}]},{\"@type\":\"BreadcrumbList\",\"@id\":\"https:\/\/www.mobilandia.it\/shop\/contratto-dacquisto\/#breadcrumb\",\"itemListElement\":[{\"@type\":\"ListItem\",\"position\":1,\"name\":\"Home\",\"item\":\"https:\/\/www.mobilandia.it\/shop\/\"},{\"@type\":\"ListItem\",\"position\":2,\"name\":\"Contratto d&#8217;acquisto\"}]},{\"@type\":\"WebSite\",\"@id\":\"https:\/\/www.mobilandia.it\/shop\/#website\",\"url\":\"https:\/\/www.mobilandia.it\/shop\/\",\"name\":\"Mobilandia Shop\",\"description\":\"\",\"publisher\":{\"@id\":\"https:\/\/www.mobilandia.it\/shop\/#organization\"},\"potentialAction\":[{\"@type\":\"SearchAction\",\"target\":{\"@type\":\"EntryPoint\",\"urlTemplate\":\"https:\/\/www.mobilandia.it\/shop\/?s={search_term_string}\"},\"query-input\":{\"@type\":\"PropertyValueSpecification\",\"valueRequired\":true,\"valueName\":\"search_term_string\"}}],\"inLanguage\":\"it-IT\"},{\"@type\":\"Organization\",\"@id\":\"https:\/\/www.mobilandia.it\/shop\/#organization\",\"name\":\"Mobilandia\",\"url\":\"https:\/\/www.mobilandia.it\/shop\/\",\"logo\":{\"@type\":\"ImageObject\",\"inLanguage\":\"it-IT\",\"@id\":\"https:\/\/www.mobilandia.it\/shop\/#\/schema\/logo\/image\/\",\"url\":\"http:\/\/www.mobilandia.it\/shop\/wp-content\/uploads\/2020\/07\/logo-mobilandia.png\",\"contentUrl\":\"http:\/\/www.mobilandia.it\/shop\/wp-content\/uploads\/2020\/07\/logo-mobilandia.png\",\"width\":369,\"height\":140,\"caption\":\"Mobilandia\"},\"image\":{\"@id\":\"https:\/\/www.mobilandia.it\/shop\/#\/schema\/logo\/image\/\"}}]}<\/script>\n<!-- \/ Yoast SEO Premium plugin. -->","yoast_head_json":{"title":"Contratto d'acquisto - Mobilandia Shop","robots":{"index":"index","follow":"follow","max-snippet":"max-snippet:-1","max-image-preview":"max-image-preview:large","max-video-preview":"max-video-preview:-1"},"canonical":"https:\/\/www.mobilandia.it\/shop\/contratto-dacquisto\/","og_locale":"it_IT","og_type":"article","og_title":"Contratto d'acquisto","og_description":"[vc_row][vc_column][vc_column_text text_larger=&#8221;no&#8221;] Articolo 1 \u2013 Oggetto 1.1 Le presenti Condizioni Generali hanno per oggetto l\u2019acquisto di prodotti e di servizi","og_url":"https:\/\/www.mobilandia.it\/shop\/contratto-dacquisto\/","og_site_name":"Mobilandia Shop","twitter_card":"summary_large_image","twitter_misc":{"Tempo di lettura stimato":"10 minuti"},"schema":{"@context":"https:\/\/schema.org","@graph":[{"@type":"WebPage","@id":"https:\/\/www.mobilandia.it\/shop\/contratto-dacquisto\/","url":"https:\/\/www.mobilandia.it\/shop\/contratto-dacquisto\/","name":"Contratto d'acquisto - Mobilandia Shop","isPartOf":{"@id":"https:\/\/www.mobilandia.it\/shop\/#website"},"datePublished":"2020-09-02T09:36:57+00:00","breadcrumb":{"@id":"https:\/\/www.mobilandia.it\/shop\/contratto-dacquisto\/#breadcrumb"},"inLanguage":"it-IT","potentialAction":[{"@type":"ReadAction","target":["https:\/\/www.mobilandia.it\/shop\/contratto-dacquisto\/"]}]},{"@type":"BreadcrumbList","@id":"https:\/\/www.mobilandia.it\/shop\/contratto-dacquisto\/#breadcrumb","itemListElement":[{"@type":"ListItem","position":1,"name":"Home","item":"https:\/\/www.mobilandia.it\/shop\/"},{"@type":"ListItem","position":2,"name":"Contratto d&#8217;acquisto"}]},{"@type":"WebSite","@id":"https:\/\/www.mobilandia.it\/shop\/#website","url":"https:\/\/www.mobilandia.it\/shop\/","name":"Mobilandia Shop","description":"","publisher":{"@id":"https:\/\/www.mobilandia.it\/shop\/#organization"},"potentialAction":[{"@type":"SearchAction","target":{"@type":"EntryPoint","urlTemplate":"https:\/\/www.mobilandia.it\/shop\/?s={search_term_string}"},"query-input":{"@type":"PropertyValueSpecification","valueRequired":true,"valueName":"search_term_string"}}],"inLanguage":"it-IT"},{"@type":"Organization","@id":"https:\/\/www.mobilandia.it\/shop\/#organization","name":"Mobilandia","url":"https:\/\/www.mobilandia.it\/shop\/","logo":{"@type":"ImageObject","inLanguage":"it-IT","@id":"https:\/\/www.mobilandia.it\/shop\/#\/schema\/logo\/image\/","url":"http:\/\/www.mobilandia.it\/shop\/wp-content\/uploads\/2020\/07\/logo-mobilandia.png","contentUrl":"http:\/\/www.mobilandia.it\/shop\/wp-content\/uploads\/2020\/07\/logo-mobilandia.png","width":369,"height":140,"caption":"Mobilandia"},"image":{"@id":"https:\/\/www.mobilandia.it\/shop\/#\/schema\/logo\/image\/"}}]}},"_links":{"self":[{"href":"https:\/\/www.mobilandia.it\/shop\/wp-json\/wp\/v2\/pages\/3415","targetHints":{"allow":["GET"]}}],"collection":[{"href":"https:\/\/www.mobilandia.it\/shop\/wp-json\/wp\/v2\/pages"}],"about":[{"href":"https:\/\/www.mobilandia.it\/shop\/wp-json\/wp\/v2\/types\/page"}],"author":[{"embeddable":true,"href":"https:\/\/www.mobilandia.it\/shop\/wp-json\/wp\/v2\/users\/1"}],"replies":[{"embeddable":true,"href":"https:\/\/www.mobilandia.it\/shop\/wp-json\/wp\/v2\/comments?post=3415"}],"version-history":[{"count":1,"href":"https:\/\/www.mobilandia.it\/shop\/wp-json\/wp\/v2\/pages\/3415\/revisions"}],"predecessor-version":[{"id":3416,"href":"https:\/\/www.mobilandia.it\/shop\/wp-json\/wp\/v2\/pages\/3415\/revisions\/3416"}],"wp:attachment":[{"href":"https:\/\/www.mobilandia.it\/shop\/wp-json\/wp\/v2\/media?parent=3415"}],"curies":[{"name":"wp","href":"https:\/\/api.w.org\/{rel}","templated":true}]}}